{"id":121,"date":"2024-02-22T14:31:47","date_gmt":"2024-02-22T13:31:47","guid":{"rendered":"https:\/\/kfk.pttk.pl\/?page_id=121"},"modified":"2024-03-07T20:51:14","modified_gmt":"2024-03-07T19:51:14","slug":"sklad-komisji-fotografii-krajoznawczej","status":"publish","type":"page","link":"https:\/\/kfk.pttk.pl\/?page_id=121","title":{"rendered":"Sk\u0142ad Komisji Fotografii Krajoznawczej"},"content":{"rendered":"\n<p><strong>Uchwa\u0142a nr 37\/XX\/2023 Zarz\u0105du G\u0142\u00f3wnego PTTK z dnia 22 maja 2023 r.<\/strong><\/p>\n\n\n\n<p>Sk\u0142ad Komisji Fotografii Krajoznawczej ZG PTTK, wybranej przez&nbsp;Krajow\u0105 Konferencj\u0119 Fotografii Krajoznawczej PTTK w dniu 11 marca 2023 r. w \u0141odzi:<\/p>\n\n\n\n<ol class=\"wp-block-list\">\n<li>Andrzej Kowol&nbsp;&nbsp;&nbsp;&nbsp;&nbsp;&nbsp;&nbsp;&nbsp;&nbsp;&nbsp;&nbsp;&nbsp;&nbsp;&nbsp;&nbsp;&nbsp;&nbsp; &#8211; przewodnicz\u0105cy,<\/li>\n\n\n\n<li>Marcin Czerwi\u0144ski&nbsp;&nbsp;&nbsp;&nbsp;&nbsp;&nbsp;&nbsp;&nbsp;&nbsp;&nbsp; &#8211; wiceprzewodnicz\u0105cy,<\/li>\n\n\n\n<li>Bogdan M\u0105der&nbsp;&nbsp;&nbsp;&nbsp;&nbsp;&nbsp;&nbsp;&nbsp;&nbsp;&nbsp;&nbsp;&nbsp;&nbsp;&nbsp;&nbsp;&nbsp; &#8211; wiceprzewodnicz\u0105cy,<\/li>\n\n\n\n<li>Izabela Ruci\u0144ska &nbsp;&nbsp;&nbsp;&nbsp;&nbsp;&nbsp;&nbsp;&nbsp;&nbsp;&nbsp;&nbsp;&nbsp;&nbsp; &#8211; sekretarz,<\/li>\n\n\n\n<li>Micha\u0142 Ca\u0142ka,<\/li>\n\n\n\n<li>Aleksandra Kowol,<\/li>\n\n\n\n<li>Inga Nowakowska,<\/li>\n\n\n\n<li>Marek Pieczonka,<\/li>\n\n\n\n<li>Alicja Wrzosek.<\/li>\n<\/ol>\n\n\n<div id=\"grid-gallery-1-14027\" data-gg-id=\"1\" data-title=\"Prezentacja cz\u0142onk\u00f3w Komisji\" data-grid-type=\"0\" data-offset=\"5.3\" data-area-position=\"center\" data-icons=\"\" data-preloader=\"true\" data-width=\"215\" data-height=\"215\" data-padding=\"0\" data-quicksand=\"disabled\" data-quicksand-duration=\"none\" data-popup-theme=\"theme_6\" data-popup-type=\"pretty-photo\" data-popup-image-text=\"data-description\" data-popup-widthsize=\"auto\" data-popup-heightsize=\"auto\" data-popup-i18n-words=\"{&quot;close&quot;:&quot;close&quot;,&quot;next&quot;:&quot;next&quot;,&quot;previous&quot;:&quot;previous&quot;,&quot;start_slideshow&quot;:&quot;start slideshow&quot;,&quot;stop_slideshow&quot;:&quot;stop slideshow&quot;,&quot;image&quot;:&quot;image&quot;,&quot;of&quot;:&quot;of&quot;,&quot;prev&quot;:&quot;prev&quot;,&quot;cExpand&quot;:&quot;Expand&quot;,&quot;cPrevious&quot;:&quot;Previous&quot;,&quot;cNext&quot;:&quot;Next&quot;,&quot;cExpandStr&quot;:&quot;Expand the image&quot;,&quot;cRotate&quot;:&quot;Rotate&quot;,&quot;cDetails&quot;:&quot;Details&quot;}\" data-popup-slideshow=\"true\" data-popup-slideshow-speed=\"2500\" data-popup-hoverstop=\"true\" data-popup-slideshow-auto=\"false\" data-popup-background=\"\" data-popup-transparency=\"30\" data-popup-disable-history=\"\" data-popup-disable-changed-url=\"\" data-popup-border-type=\"solid\" data-popup-border-color=\"\" data-popup-border-width=\"\" data-popup-border-enable=\"\" data-fullscreen=\"false\" data-hide-tooltip=\"false\" data-caption-font-family=\"Default\" data-caption-text-size=\"140\" data-is-mobile=\"0\" data-caption-mobile=\"false\" data-hide-long-tltp-title=\"0\" data-caption-disabled-on-mobile=\"false\" data-popup-placement-type=\"0\" data-social-sharing=\"{&quot;enabled&quot;:&quot;&quot;,&quot;gallerySharing&quot;:{&quot;enabled&quot;:null,&quot;position&quot;:null},&quot;imageSharing&quot;:{&quot;enabled&quot;:null,&quot;wrapperClass&quot;:&quot; vertical &quot;},&quot;popupSharing&quot;:{&quot;enabled&quot;:null,&quot;wrapperClass&quot;:&quot; vertical &quot;}}\" class=\"grid-gallery grid-gallery-fixed \" style=\" width:100%; height:auto; margin-left:auto; margin-right:auto;position:relative;\"> <div class=\"gallery-loading\"> <div class=\"blocks\"> <div class=\"block\"><\/div> <div class=\"block\"><\/div> <div class=\"block\"><\/div> <div class=\"block\"><\/div> <\/div> <\/div> <div class=\"gallery-sharing-top\" style=\"display:none;\"> <\/div> <div id=\"photos-1\" class=\"grid-gallery-photos\"><FIGURE class=\"grid-gallery-caption\" data-grid-gallery-type=\"quarter-slide-up\" data-index=\"0\" style=\"display:none;border-radius:00;; margin:5.3px; width:2150;\" ><div class=\"crop\" style=\" width:2150; height:2150; overflow:hidden;\"><img decoding=\"async\" src=\"https:\/\/kfk.pttk.pl\/wordpress\/wp-content\/uploads\/2024\/02\/Rucinska-Izabela-215x215.jpg\" class=\"ggImg\" alt=\"Ruci\u0144ska Izabela\" title=\"Ruci\u0144ska Izabela\" data-description=\"Ruci\u0144ska Izabela\" data-caption=\"Ruci\u0144ska Izabela\" data-title=\"Ruci\u0144ska Izabela\" style=\" width:215px; height:215px;\" \/><\/div><FIGCAPTION class=\"\" data-alpha=\"5\" style=\"color:#ffffff; background-color:#6f0000; font-size:140; text-align:left; font-family:Default;\" ><div class=\"grid-gallery-figcaption-wrap\" style=\"\"><\/div><\/FIGCAPTION><\/FIGURE><FIGURE class=\"grid-gallery-caption\" data-grid-gallery-type=\"quarter-slide-up\" data-index=\"1\" style=\"display:none;border-radius:00;; margin:5.3px; width:2150;\" ><div class=\"crop\" style=\" width:2150; height:2150; overflow:hidden;\"><img decoding=\"async\" src=\"https:\/\/kfk.pttk.pl\/wordpress\/wp-content\/uploads\/2024\/02\/Pieczonka-Marek-215x215.jpg\" class=\"ggImg\" alt=\"Pieczonka Marek\" title=\"Pieczonka Marek\" data-description=\"Pieczonka Marek\" data-caption=\"Pieczonka Marek\" data-title=\"Pieczonka Marek\" style=\" width:215px; height:215px;\" \/><\/div><FIGCAPTION class=\"\" data-alpha=\"5\" style=\"color:#ffffff; background-color:#6f0000; font-size:140; text-align:left; font-family:Default;\" ><div class=\"grid-gallery-figcaption-wrap\" style=\"\"><\/div><\/FIGCAPTION><\/FIGURE><FIGURE class=\"grid-gallery-caption\" data-grid-gallery-type=\"quarter-slide-up\" data-index=\"2\" style=\"display:none;border-radius:00;; margin:5.3px; width:2150;\" ><div class=\"crop\" style=\" width:2150; height:2150; overflow:hidden;\"><img decoding=\"async\" src=\"https:\/\/kfk.pttk.pl\/wordpress\/wp-content\/uploads\/2024\/02\/Kowol-Aleksandra-215x215.jpg\" class=\"ggImg\" alt=\"Kowol Aleksandra\" title=\"Kowol Aleksandra\" data-description=\"Kowol Aleksandra\" data-caption=\"Kowol Aleksandra\" data-title=\"Kowol Aleksandra\" style=\" width:215px; height:215px;\" \/><\/div><FIGCAPTION class=\"\" data-alpha=\"5\" style=\"color:#ffffff; background-color:#6f0000; font-size:140; text-align:left; font-family:Default;\" ><div class=\"grid-gallery-figcaption-wrap\" style=\"\"><\/div><\/FIGCAPTION><\/FIGURE><FIGURE class=\"grid-gallery-caption\" data-grid-gallery-type=\"quarter-slide-up\" data-index=\"3\" style=\"display:none;border-radius:00;; margin:5.3px; width:2150;\" ><div class=\"crop\" style=\" width:2150; height:2150; overflow:hidden;\"><img decoding=\"async\" src=\"https:\/\/kfk.pttk.pl\/wordpress\/wp-content\/uploads\/2024\/02\/Czerwinski-Marcin-215x215.jpg\" class=\"ggImg\" alt=\"Czerwi\u0144ski Marcin\" title=\"Czerwi\u0144ski Marcin\" data-description=\"Czerwi\u0144ski Marcin\" data-caption=\"Czerwi\u0144ski Marcin\" data-title=\"Czerwi\u0144ski Marcin\" style=\" width:215px; height:215px;\" \/><\/div><FIGCAPTION class=\"\" data-alpha=\"5\" style=\"color:#ffffff; background-color:#6f0000; font-size:140; text-align:left; font-family:Default;\" ><div class=\"grid-gallery-figcaption-wrap\" style=\"\"><\/div><\/FIGCAPTION><\/FIGURE><FIGURE class=\"grid-gallery-caption\" data-grid-gallery-type=\"quarter-slide-up\" data-index=\"4\" style=\"display:none;border-radius:00;; margin:5.3px; width:2150;\" ><div class=\"crop\" style=\" width:2150; height:2150; overflow:hidden;\"><img decoding=\"async\" src=\"https:\/\/kfk.pttk.pl\/wordpress\/wp-content\/uploads\/2024\/02\/Calka-Michal-215x215.jpg\" class=\"ggImg\" alt=\"Ca\u0142ka Micha\u0142\" title=\"Ca\u0142ka Micha\u0142\" data-description=\"Ca\u0142ka Micha\u0142\" data-caption=\"Ca\u0142ka Micha\u0142\" data-title=\"Ca\u0142ka Micha\u0142\" style=\" width:215px; height:215px;\" \/><\/div><FIGCAPTION class=\"\" data-alpha=\"5\" style=\"color:#ffffff; background-color:#6f0000; font-size:140; text-align:left; font-family:Default;\" ><div class=\"grid-gallery-figcaption-wrap\" style=\"\"><\/div><\/FIGCAPTION><\/FIGURE> <div class=\"grid-gallery-clearfix\"><\/div> <\/div> <div class=\"gallery-sharing-bottom\" style=\"display:none;\"> <\/div> <div class=\"gallery-sharing-image\" style=\"display:none;\"> <\/div> <div class=\"gallery-sharing-popup\" style=\"display:none;\"> <\/div> <div class=\"grid-gallery-clearfix\"><\/div> <\/div> <!-- Gallery by Supsystic plugin1.15.29 --><a title=\"WordPress Photo Gallery Plugin\" style=\"display:none;\" href=\"https:\/\/supsystic.com\/plugins\/photo-gallery\/?utm_medium=love_link\" target=\"_blank\">WordPress Photo Gallery Plugin<\/a>\n\n\n\n<p>Podzia\u0142 zada\u0144:<\/p>\n\n\n\n<p>\u2013 <strong>Andrzej Kowol &#8211; przewodnicz\u0105cy<\/strong><\/p>\n\n\n\n<p>&#8211; <strong>Marcin Czerwi\u0144ski<\/strong> \u2013 <strong>wiceprzewodnicz\u0105cy &#8211;<\/strong>&nbsp;internet, strona www,<\/p>\n\n\n\n<p>&#8211;&nbsp;<strong>Bogdan M\u0105der &#8211; wiceprzewodnicz\u0105cy <\/strong>wraz z Micha\u0142em Ca\u0142k\u0105&nbsp;zbieranie informacji o imprezach w formie planu,<\/p>\n\n\n\n<p>&#8211;&nbsp;<strong>Izabela Ruci\u0144ska &#8211; sekretarz<\/strong>&nbsp;\u2013 wydawnictwo o instruktorach, inne artyku\u0142y.<\/p>\n\n\n\n<p>&#8211; <strong>Aleksandra Kowol <\/strong>przewodnicz\u0105ca &nbsp;GRW \u2013 (Andrzej Kowol, Aleksandra Kowol, Alicja Wrzosek zesp\u00f3\u0142 GRW) oraz Marek Caputa (jako dodatkowy, zewn\u0119trzny instruktor do weryfikacji)<\/p>\n\n\n\n<p>&#8211; <strong>Marek Pieczonka<\/strong> \u2013 wsp\u00f3\u0142praca ze starszymi instruktorami, propozycje dorocznych wystaw fotograficznych instruktor\u00f3w ,<\/p>\n\n\n\n<p>&#8211; <strong>Inga Nowakowska<\/strong> \u2013 korekta pism, regulamin\u00f3w,<\/p>\n","protected":false},"excerpt":{"rendered":"<p>Uchwa\u0142a nr 37\/XX\/2023 Zarz\u0105du G\u0142\u00f3wnego PTTK z dnia 22 maja 2023 r. Sk\u0142ad Komisji Fotografii Krajoznawczej ZG PTTK, wybranej przez&nbsp;Krajow\u0105 Konferencj\u0119 Fotografii Krajoznawczej PTTK w dniu 11 marca 2023 r. w \u0141odzi: Podzia\u0142 zada\u0144: \u2013 Andrzej Kowol &#8211; przewodnicz\u0105cy &#8211; Marcin Czerwi\u0144ski \u2013 wiceprzewodnicz\u0105cy &#8211;&nbsp;internet, strona www, &#8211;&nbsp;Bogdan M\u0105der &#8211; wiceprzewodnicz\u0105cy wraz z Micha\u0142em Ca\u0142k\u0105&nbsp;zbieranie [&hellip;]<\/p>\n","protected":false},"author":1,"featured_media":0,"parent":207,"menu_order":0,"comment_status":"closed","ping_status":"closed","template":"","meta":{"footnotes":""},"class_list":["post-121","page","type-page","status-publish","hentry"],"_links":{"self":[{"href":"https:\/\/kfk.pttk.pl\/index.php?rest_route=\/wp\/v2\/pages\/121","targetHints":{"allow":["GET"]}}],"collection":[{"href":"https:\/\/kfk.pttk.pl\/index.php?rest_route=\/wp\/v2\/pages"}],"about":[{"href":"https:\/\/kfk.pttk.pl\/index.php?rest_route=\/wp\/v2\/types\/page"}],"author":[{"embeddable":true,"href":"https:\/\/kfk.pttk.pl\/index.php?rest_route=\/wp\/v2\/users\/1"}],"replies":[{"embeddable":true,"href":"https:\/\/kfk.pttk.pl\/index.php?rest_route=%2Fwp%2Fv2%2Fcomments&post=121"}],"version-history":[{"count":4,"href":"https:\/\/kfk.pttk.pl\/index.php?rest_route=\/wp\/v2\/pages\/121\/revisions"}],"predecessor-version":[{"id":359,"href":"https:\/\/kfk.pttk.pl\/index.php?rest_route=\/wp\/v2\/pages\/121\/revisions\/359"}],"up":[{"embeddable":true,"href":"https:\/\/kfk.pttk.pl\/index.php?rest_route=\/wp\/v2\/pages\/207"}],"wp:attachment":[{"href":"https:\/\/kfk.pttk.pl\/index.php?rest_route=%2Fwp%2Fv2%2Fmedia&parent=121"}],"curies":[{"name":"wp","href":"https:\/\/api.w.org\/{rel}","templated":true}]}}