{"id":349,"date":"2024-03-07T20:43:53","date_gmt":"2024-03-07T19:43:53","guid":{"rendered":"https:\/\/kfk.pttk.pl\/?page_id=349"},"modified":"2025-06-10T11:51:25","modified_gmt":"2025-06-10T09:51:25","slug":"wykaz-instruktorow-fotografii-krajoznawczej","status":"publish","type":"page","link":"https:\/\/kfk.pttk.pl\/?page_id=349","title":{"rendered":"Wykaz Instruktor\u00f3w Fotografii Krajoznawczej"},"content":{"rendered":"\n<figure class=\"wp-block-table\"><table><tbody><tr><td class=\"has-text-align-center\" data-align=\"center\"><strong>Lp<\/strong><\/td><td><strong>Imi\u0119 i Nazwisko<\/strong><\/td><td><strong>Nr IFK PTTK<\/strong><\/td><td><strong>Oddzia\u0142<\/strong><\/td><td class=\"has-text-align-center\" data-align=\"center\"><strong>mail<\/strong><\/td><td class=\"has-text-align-center\" data-align=\"center\"><strong>telefon<\/strong><\/td><\/tr><tr><td class=\"has-text-align-center\" data-align=\"center\">1<\/td><td>Czes\u0142aw Pola\u0144ski<\/td><td>122\/1979<\/td><td>O\/PTTK w Chorzowie<\/td><td class=\"has-text-align-center\" data-align=\"center\">czespolan@ poczta.fm<\/td><td class=\"has-text-align-center\" data-align=\"center\">660075043<\/td><\/tr><tr><td class=\"has-text-align-center\" data-align=\"center\">2<\/td><td>Roman Kucia<\/td><td>158\/1987<\/td><td>O\/PTTK w Chorzowie<\/td><td class=\"has-text-align-center\" data-align=\"center\">&#8211;<\/td><td class=\"has-text-align-center\" data-align=\"center\">500602053<strong><\/strong><\/td><\/tr><tr><td class=\"has-text-align-center\" data-align=\"center\">3<\/td><td>Miros\u0142aw Majewski<\/td><td>172\/1994<\/td><td>O\/PTTK w Chorzowie<\/td><td class=\"has-text-align-center\" data-align=\"center\">mirmaj@wp.pl<\/td><td class=\"has-text-align-center\" data-align=\"center\">&#8211;<\/td><\/tr><tr><td class=\"has-text-align-center\" data-align=\"center\">4<\/td><td>Andrzej Misztal<\/td><td>180\/99<\/td><td>OM PTTK Lublin<\/td><td class=\"has-text-align-center\" data-align=\"center\">a<a href=\"mailto:andrzejmisztal-fot@wp.pl\">ndrzejmisztal-fot<\/a> <a href=\"mailto:andrzejmisztal-fot@wp.pl\">@wp.pl<\/a><\/td><td class=\"has-text-align-center\" data-align=\"center\">&#8211;<\/td><\/tr><tr><td class=\"has-text-align-center\" data-align=\"center\">5<\/td><td>Roman Hlawacz<\/td><td>183\/2001<\/td><td>Oddzia\u0142 Regionalny PTTK \u015al\u0105ska Opolskiego<strong><\/strong><\/td><td class=\"has-text-align-center\" data-align=\"center\"><a href=\"mailto:roman.hlawacz@gmail.com\">roman.hlawacz@gmail.com<\/a><\/td><td class=\"has-text-align-center\" data-align=\"center\">&#8211;<\/td><\/tr><tr><td class=\"has-text-align-center\" data-align=\"center\">6<\/td><td>Marcin Czerwi\u0144ski<\/td><td>190\/2004<\/td><td>O\/PTTK w Pleszewie<\/td><td class=\"has-text-align-center\" data-align=\"center\"><a href=\"mailto:marcin@pleszew\">marcin@pleszew<\/a>. pttk.pl<\/td><td class=\"has-text-align-center\" data-align=\"center\">&#8211;<\/td><\/tr><tr><td class=\"has-text-align-center\" data-align=\"center\">7<\/td><td>Izabela Ruci\u0144ska<\/td><td>192\/2006<\/td><td>O\/PTTK \u0141\u00f3d\u017a-Polesie<\/td><td class=\"has-text-align-center\" data-align=\"center\">isanova@onet.eu<\/td><td class=\"has-text-align-center\" data-align=\"center\">&#8211;<\/td><\/tr><tr><td class=\"has-text-align-center\" data-align=\"center\">8<\/td><td>Ryszard J\u00f3zef Wrzosek<\/td><td>199\/2008<\/td><td>Oddzia\u0142 Morski PTTK w Gdyni<\/td><td class=\"has-text-align-center\" data-align=\"center\">wrzosrj@wp.pl<\/td><td class=\"has-text-align-center\" data-align=\"center\">501446410<\/td><\/tr><tr><td class=\"has-text-align-center\" data-align=\"center\">9<\/td><td>Andrzej Kowol<\/td><td>204\/2011<\/td><td>O\/PTTK \u201eBeskid \u015al\u0105ski\u201d w Cieszynie<\/td><td class=\"has-text-align-center\" data-align=\"center\">andrzej.kowol@kfk.pttk.pl<\/td><td class=\"has-text-align-center\" data-align=\"center\">691015680<\/td><\/tr><tr><td class=\"has-text-align-center\" data-align=\"center\">10<\/td><td>Anna Panek<\/td><td>206\/2012<\/td><td>O\/PTTK w Rzeszowie<\/td><td class=\"has-text-align-center\" data-align=\"center\">an.plino@buziaczek.pl<\/td><td class=\"has-text-align-center\" data-align=\"center\">&#8211;<\/td><\/tr><tr><td class=\"has-text-align-center\" data-align=\"center\">11<\/td><td>Alek Zi\u00f3\u0142kowski<\/td><td>211\/2012<\/td><td>O\/PTTK w Wa\u0142brzychu<\/td><td class=\"has-text-align-center\" data-align=\"center\">baral53@wp.pl<\/td><td class=\"has-text-align-center\" data-align=\"center\">&#8211;<\/td><\/tr><tr><td class=\"has-text-align-center\" data-align=\"center\">12<\/td><td>Alicja Teresa Wrzosek<\/td><td>212\/2012<\/td><td>Oddzia\u0142 Morski PTTK w Gdyni<\/td><td class=\"has-text-align-center\" data-align=\"center\">wrzosekgdynia@ wp.pl<\/td><td class=\"has-text-align-center\" data-align=\"center\">500657834<\/td><\/tr><tr><td class=\"has-text-align-center\" data-align=\"center\">13<\/td><td>Irena Gre\u0144<\/td><td>217\/2014<\/td><td>O\/PTTK \u201eBeskid \u015al\u0105ski\u201d w Cieszynie<\/td><td class=\"has-text-align-center\" data-align=\"center\">irenagren@wp.pl<\/td><td class=\"has-text-align-center\" data-align=\"center\">&#8211;<\/td><\/tr><tr><td class=\"has-text-align-center\" data-align=\"center\">14<\/td><td>Krzysztof Gre\u0144<\/td><td>218\/2014<\/td><td>O\/PTTK \u201eBeskid \u015al\u0105ski\u201d w Cieszynie<\/td><td class=\"has-text-align-center\" data-align=\"center\">krzysztof.gren@o2.pl<\/td><td class=\"has-text-align-center\" data-align=\"center\">&#8211;<\/td><\/tr><tr><td class=\"has-text-align-center\" data-align=\"center\">15<\/td><td>Andrzej Piziak<\/td><td>222\/2016<\/td><td>O\/PTTK Ziemi Elbl\u0105skiej w Elbl\u0105gu<\/td><td class=\"has-text-align-center\" data-align=\"center\">adwa2@onet.pl<\/td><td class=\"has-text-align-center\" data-align=\"center\">&#8211;<\/td><\/tr><tr><td class=\"has-text-align-center\" data-align=\"center\">16<\/td><td>Aleksandra Kowol<\/td><td>223\/2017<\/td><td>O\/PTTK \u201eBeskid \u015al\u0105ski\u201d w Cieszynie<\/td><td class=\"has-text-align-center\" data-align=\"center\">alexis.aleks@wp.pl<\/td><td class=\"has-text-align-center\" data-align=\"center\">691015670<\/td><\/tr><tr><td class=\"has-text-align-center\" data-align=\"center\">17<\/td><td>Bogdan M\u0105der<\/td><td>224\/2017<\/td><td>O\/Przewodnicki PTTK im. S. Dubyny w Malborku<\/td><td class=\"has-text-align-center\" data-align=\"center\">bmader@wp.pl &nbsp;<\/td><td class=\"has-text-align-center\" data-align=\"center\">603762922<\/td><\/tr><tr><td class=\"has-text-align-center\" data-align=\"center\">18<\/td><td>Grzegorz Szczepaniak<\/td><td>228\/2018<\/td><td>Oddzia\u0142 Babiog\u00f3rski PTTK&nbsp;&nbsp; w \u017bywcu<\/td><td class=\"has-text-align-center\" data-align=\"center\">gszczepaniak@o2.pl<\/td><td class=\"has-text-align-center\" data-align=\"center\">609517323<\/td><\/tr><tr><td class=\"has-text-align-center\" data-align=\"center\">19<\/td><td>Piotr Kopicki<\/td><td>229\/2019<\/td><td>O\/PTTK w Chorzowie<\/td><td class=\"has-text-align-center\" data-align=\"center\">kopol9@gmail.com<\/td><td class=\"has-text-align-center\" data-align=\"center\">601619788<\/td><\/tr><tr><td class=\"has-text-align-center\" data-align=\"center\">20<\/td><td>Janina Piechowiak<strong><\/strong><\/td><td>230\/2023<\/td><td>O\/PTTK Ziemi Elbl\u0105skiej w Elbl\u0105gu<\/td><td class=\"has-text-align-center\" data-align=\"center\">pienin3@wp.pl<\/td><td class=\"has-text-align-center\" data-align=\"center\">&nbsp;<\/td><\/tr><tr><td class=\"has-text-align-center\" data-align=\"center\">21<\/td><td>Justyna Wolanin<\/td><td>231\/2019<\/td><td>0\/PTTK Oddzia\u0142 \u0141ucznik w Radomiu<\/td><td class=\"has-text-align-center\" data-align=\"center\">wojus@op.pl<\/td><td class=\"has-text-align-center\" data-align=\"center\">&#8211;<\/td><\/tr><tr><td class=\"has-text-align-center\" data-align=\"center\">22<\/td><td>Gabriela Jaworowska<\/td><td>232\/2019<\/td><td>O\/PTTK \u201eBeskid \u015al\u0105ski\u201d w Cieszynie<\/td><td class=\"has-text-align-center\" data-align=\"center\">gj290554@ gmail.com<\/td><td class=\"has-text-align-center\" data-align=\"center\">692784800<\/td><\/tr><tr><td class=\"has-text-align-center\" data-align=\"center\">23<\/td><td>Miros\u0142aw Andrzejczak<\/td><td>234\/2020<\/td><td>O\/PTTK w Chorzowie<\/td><td class=\"has-text-align-center\" data-align=\"center\">miramib60@ gmail.com<\/td><td class=\"has-text-align-center\" data-align=\"center\">&#8211;<\/td><\/tr><tr><td class=\"has-text-align-center\" data-align=\"center\">24<\/td><td>Marek \u015aliwi\u0144ski<\/td><td>239\/2022<\/td><td>O\/PTTK w Chorzowie<\/td><td class=\"has-text-align-center\" data-align=\"center\"><a href=\"mailto:marek.sliwinski@poczta.onet.pl,\">marek.sliwinski@<\/a> <a href=\"mailto:marek.sliwinski@poczta.onet.pl,\">poczta.onet.pl<\/a><\/td><td class=\"has-text-align-center\" data-align=\"center\">600838558<\/td><\/tr><tr><td class=\"has-text-align-center\" data-align=\"center\">25<\/td><td>Jerzy Rutkowski<\/td><td>241\/2022<\/td><td>O\/PTTK w Turku<\/td><td class=\"has-text-align-center\" data-align=\"center\">jerzy.rutkowski@ wp.pl<\/td><td class=\"has-text-align-center\" data-align=\"center\">607912171<\/td><\/tr><tr><td class=\"has-text-align-center\" data-align=\"center\">26<\/td><td>Marek Caputa<\/td><td>242\/2023<\/td><td>O\/PTTK \u201eBeskid \u015al\u0105ski\u201d w Cieszynie<\/td><td class=\"has-text-align-center\" data-align=\"center\">mc1957@wp.pl<\/td><td class=\"has-text-align-center\" data-align=\"center\">&#8211;<\/td><\/tr><tr><td class=\"has-text-align-center\" data-align=\"center\">27<\/td><td>Bo\u017cena Giorewa<\/td><td>243\/2023<\/td><td>O\/PTTK Ziemi Elbl\u0105skiej w Elbl\u0105gu<\/td><td class=\"has-text-align-center\" data-align=\"center\">bozgio@wp.pl<\/td><td class=\"has-text-align-center\" data-align=\"center\">&#8211;<\/td><\/tr><tr><td class=\"has-text-align-center\" data-align=\"center\">28<\/td><td>Krzysztof Madej<\/td><td>244\/2023<\/td><td>O\/PTTK Ziemi Tarnowskiej w Tarnowie<\/td><td class=\"has-text-align-center\" data-align=\"center\">madejk54@ interia.pl<\/td><td class=\"has-text-align-center\" data-align=\"center\">&#8211;<\/td><\/tr><tr><td class=\"has-text-align-center\" data-align=\"center\">29<\/td><td>Jacek Ramus<\/td><td>245\/2023<\/td><td>Oddzia\u0142 Regionalny PTTK \u015al\u0105ska Opolskiego w Opolu&nbsp;<\/td><td class=\"has-text-align-center\" data-align=\"center\">jacek@onet.pl<\/td><td class=\"has-text-align-center\" data-align=\"center\">604238085 &nbsp;<\/td><\/tr><tr><td class=\"has-text-align-center\" data-align=\"center\">30<\/td><td>Mariusz \u0141\u0119\u017cniak<\/td><td>246\/2024<\/td><td>PTTK Oddzia\u0142 \u015awi\u0119tokrzyski w Kielcach<\/td><td class=\"has-text-align-center\" data-align=\"center\">fotoponidzie@ gmail.com<\/td><td class=\"has-text-align-center\" data-align=\"center\">605911045<\/td><\/tr><tr><td class=\"has-text-align-center\" data-align=\"center\">31<\/td><td>Micha\u0142 Ca\u0142ka<\/td><td>247\/2024<\/td><td>Oddzia\u0142 PTTK w Poraju<\/td><td class=\"has-text-align-center\" data-align=\"center\">krajoznawcapl@ gmail.com<\/td><td class=\"has-text-align-center\" data-align=\"center\">574060564<\/td><\/tr><tr><td class=\"has-text-align-center\" data-align=\"center\">32<\/td><td>Mateusz Sarna<\/td><td>248\/2024<\/td><td>Oddzia\u0142 PTTK w Jaworznie<\/td><td class=\"has-text-align-center\" data-align=\"center\">sarnam.ot@gmail.com<\/td><td class=\"has-text-align-center\" data-align=\"center\">606417712<\/td><\/tr><tr><td class=\"has-text-align-center\" data-align=\"center\">33<\/td><td>Marta Rudzka<\/td><td>249\/2024<\/td><td>Oddzia\u0142 PTTK w Poraju<\/td><td class=\"has-text-align-center\" data-align=\"center\">mrmrudzka@gmail.com<\/td><td class=\"has-text-align-center\" data-align=\"center\">791321470<\/td><\/tr><tr><td class=\"has-text-align-center\" data-align=\"center\">34<\/td><td>Krzysztof T\u0119cza<\/td><td>250\/2025<\/td><td>&nbsp;O\/PTTK \u201eSudety Zachodnie\u201d &#8211; Jelenia G\u00f3ra&nbsp;&nbsp;&nbsp;&nbsp;&nbsp;&nbsp;&nbsp;&nbsp;&nbsp;&nbsp;&nbsp;&nbsp;&nbsp;<\/td><td class=\"has-text-align-center\" data-align=\"center\">tecza20@wp.pl<\/td><td class=\"has-text-align-center\" data-align=\"center\">609121744<\/td><\/tr><tr><td class=\"has-text-align-center\" data-align=\"center\">35<\/td><td>Marek Majchrzak<\/td><td>251\/2025<\/td><td>Oddzia\u0142 PTTK w Poraju<\/td><td class=\"has-text-align-center\" data-align=\"center\">marco7115@interia.pl<\/td><td class=\"has-text-align-center\" data-align=\"center\">608228880<\/td><\/tr><\/tbody><\/table><\/figure>\n\n\n\n<p><em>Dane Instruktor\u00f3w zamieszczone za ich zgod\u0105.<\/em><\/p>\n","protected":false},"excerpt":{"rendered":"<p>Lp Imi\u0119 i Nazwisko Nr IFK PTTK Oddzia\u0142 mail telefon 1 Czes\u0142aw Pola\u0144ski 122\/1979 O\/PTTK w Chorzowie czespolan@ poczta.fm 660075043 2 Roman Kucia 158\/1987 O\/PTTK w Chorzowie &#8211; 500602053 3 Miros\u0142aw Majewski 172\/1994 O\/PTTK w Chorzowie mirmaj@wp.pl &#8211; 4 Andrzej Misztal 180\/99 OM PTTK Lublin andrzejmisztal-fot @wp.pl &#8211; 5 Roman Hlawacz 183\/2001 Oddzia\u0142 Regionalny PTTK [&hellip;]<\/p>\n","protected":false},"author":1,"featured_media":0,"parent":67,"menu_order":4,"comment_status":"closed","ping_status":"closed","template":"","meta":{"footnotes":""},"class_list":["post-349","page","type-page","status-publish","hentry"],"_links":{"self":[{"href":"https:\/\/kfk.pttk.pl\/index.php?rest_route=\/wp\/v2\/pages\/349","targetHints":{"allow":["GET"]}}],"collection":[{"href":"https:\/\/kfk.pttk.pl\/index.php?rest_route=\/wp\/v2\/pages"}],"about":[{"href":"https:\/\/kfk.pttk.pl\/index.php?rest_route=\/wp\/v2\/types\/page"}],"author":[{"embeddable":true,"href":"https:\/\/kfk.pttk.pl\/index.php?rest_route=\/wp\/v2\/users\/1"}],"replies":[{"embeddable":true,"href":"https:\/\/kfk.pttk.pl\/index.php?rest_route=%2Fwp%2Fv2%2Fcomments&post=349"}],"version-history":[{"count":8,"href":"https:\/\/kfk.pttk.pl\/index.php?rest_route=\/wp\/v2\/pages\/349\/revisions"}],"predecessor-version":[{"id":601,"href":"https:\/\/kfk.pttk.pl\/index.php?rest_route=\/wp\/v2\/pages\/349\/revisions\/601"}],"up":[{"embeddable":true,"href":"https:\/\/kfk.pttk.pl\/index.php?rest_route=\/wp\/v2\/pages\/67"}],"wp:attachment":[{"href":"https:\/\/kfk.pttk.pl\/index.php?rest_route=%2Fwp%2Fv2%2Fmedia&parent=349"}],"curies":[{"name":"wp","href":"https:\/\/api.w.org\/{rel}","templated":true}]}}